{"id":4397,"date":"2026-01-17T18:33:43","date_gmt":"2026-01-17T17:33:43","guid":{"rendered":"https:\/\/staging.ecommerce.tuttocapsuletools.it\/prodotto\/sodastream-gasatore-kit-terra-conf-1-2\/"},"modified":"2026-04-15T18:54:57","modified_gmt":"2026-04-15T16:54:57","slug":"sodastream-gasatore-kit-terra-conf-1-2","status":"publish","type":"product","link":"https:\/\/staging.ecommerce.tuttocapsuletools.it\/fr\/prodotto\/sodastream-gasatore-kit-terra-conf-1-2\/","title":{"rendered":"Sodastream Gasatore Kit Terra"},"content":{"rendered":"<p>Le gaz\u00e9ificateur au design moderne pour transformer l&rsquo;eau du robinet en eau p\u00e9tillante. Simple \u00e0 utiliser et sans piles, il comprend tout le n\u00e9cessaire pour r\u00e9duire l&rsquo;utilisation de plastique \u00e0 usage unique.<\/p>\n","protected":false},"excerpt":{"rendered":"<p>1 Kit complet avec bouteille et bouteille<br \/>\nCylindre Quick Connect (Rose)<br \/>\nMachine \u00e0 gaz\u00e9ifier manuelle au design moderne et fonctionnel<\/p>\n","protected":false},"featured_media":1941,"comment_status":"open","ping_status":"closed","template":"","meta":{"_acf_changed":false},"product_brand":[388],"product_cat":[389],"product_tag":[],"product_family":[],"product_group":[],"product_class":[],"class_list":{"0":"post-4397","1":"product","2":"type-product","3":"status-publish","4":"has-post-thumbnail","6":"product_brand-sodastream","7":"product_cat-gas","9":"first","10":"instock","11":"shipping-taxable","12":"purchasable","13":"product-type-simple"},"acf":[],"_links":{"self":[{"href":"https:\/\/staging.ecommerce.tuttocapsuletools.it\/fr\/wp-json\/wp\/v2\/product\/4397","targetHints":{"allow":["GET"]}}],"collection":[{"href":"https:\/\/staging.ecommerce.tuttocapsuletools.it\/fr\/wp-json\/wp\/v2\/product"}],"about":[{"href":"https:\/\/staging.ecommerce.tuttocapsuletools.it\/fr\/wp-json\/wp\/v2\/types\/product"}],"replies":[{"embeddable":true,"href":"https:\/\/staging.ecommerce.tuttocapsuletools.it\/fr\/wp-json\/wp\/v2\/comments?post=4397"}],"wp:featuredmedia":[{"embeddable":true,"href":"https:\/\/staging.ecommerce.tuttocapsuletools.it\/fr\/wp-json\/wp\/v2\/media\/1941"}],"wp:attachment":[{"href":"https:\/\/staging.ecommerce.tuttocapsuletools.it\/fr\/wp-json\/wp\/v2\/media?parent=4397"}],"wp:term":[{"taxonomy":"product_brand","embeddable":true,"href":"https:\/\/staging.ecommerce.tuttocapsuletools.it\/fr\/wp-json\/wp\/v2\/product_brand?post=4397"},{"taxonomy":"product_cat","embeddable":true,"href":"https:\/\/staging.ecommerce.tuttocapsuletools.it\/fr\/wp-json\/wp\/v2\/product_cat?post=4397"},{"taxonomy":"product_tag","embeddable":true,"href":"https:\/\/staging.ecommerce.tuttocapsuletools.it\/fr\/wp-json\/wp\/v2\/product_tag?post=4397"},{"taxonomy":"product_family","embeddable":true,"href":"https:\/\/staging.ecommerce.tuttocapsuletools.it\/fr\/wp-json\/wp\/v2\/product_family?post=4397"},{"taxonomy":"product_group","embeddable":true,"href":"https:\/\/staging.ecommerce.tuttocapsuletools.it\/fr\/wp-json\/wp\/v2\/product_group?post=4397"},{"taxonomy":"product_class","embeddable":true,"href":"https:\/\/staging.ecommerce.tuttocapsuletools.it\/fr\/wp-json\/wp\/v2\/product_class?post=4397"}],"curies":[{"name":"wp","href":"https:\/\/api.w.org\/{rel}","templated":true}]}}