{"id":4423,"date":"2026-01-17T18:34:06","date_gmt":"2026-01-17T17:34:06","guid":{"rendered":"https:\/\/staging.ecommerce.tuttocapsuletools.it\/prodotto\/sodastream-concentrato-per-bibite-lipton-limone-500ml-box-6-2\/"},"modified":"2026-04-15T20:25:34","modified_gmt":"2026-04-15T18:25:34","slug":"sodastream-concentrato-per-bibite-lipton-limone-500ml-box-6-2","status":"publish","type":"product","link":"https:\/\/staging.ecommerce.tuttocapsuletools.it\/fr\/prodotto\/sodastream-concentrato-per-bibite-lipton-limone-500ml-box-6-2\/","title":{"rendered":"Sodastream Lipton Limone 500 ml"},"content":{"rendered":"<p>Concentr\u00e9 pour pr\u00e9parer le c\u00e9l\u00e8bre th\u00e9 froid Lipton p\u00e9tillant au citron. Une alliance rafra\u00eechissante de th\u00e9 et d&rsquo;agrumes, id\u00e9ale pour cr\u00e9er une boisson d\u00e9salt\u00e9rante avec votre propre machine \u00e0 gaz\u00e9ifier.<\/p>\n","protected":false},"excerpt":{"rendered":"<p>Paquet de 500ml<br \/>\nConcentr\u00e9 pour th\u00e9 froid au go\u00fbt citron<\/p>\n","protected":false},"featured_media":1967,"comment_status":"open","ping_status":"closed","template":"","meta":{"_acf_changed":false},"product_brand":[388],"product_cat":[390,389],"product_tag":[],"product_family":[],"product_group":[],"product_class":[],"class_list":{"0":"post-4423","1":"product","2":"type-product","3":"status-publish","4":"has-post-thumbnail","6":"product_brand-sodastream","7":"product_cat-con","8":"product_cat-gas","10":"first","11":"outofstock","12":"shipping-taxable","13":"purchasable","14":"product-type-simple"},"acf":[],"_links":{"self":[{"href":"https:\/\/staging.ecommerce.tuttocapsuletools.it\/fr\/wp-json\/wp\/v2\/product\/4423","targetHints":{"allow":["GET"]}}],"collection":[{"href":"https:\/\/staging.ecommerce.tuttocapsuletools.it\/fr\/wp-json\/wp\/v2\/product"}],"about":[{"href":"https:\/\/staging.ecommerce.tuttocapsuletools.it\/fr\/wp-json\/wp\/v2\/types\/product"}],"replies":[{"embeddable":true,"href":"https:\/\/staging.ecommerce.tuttocapsuletools.it\/fr\/wp-json\/wp\/v2\/comments?post=4423"}],"wp:featuredmedia":[{"embeddable":true,"href":"https:\/\/staging.ecommerce.tuttocapsuletools.it\/fr\/wp-json\/wp\/v2\/media\/1967"}],"wp:attachment":[{"href":"https:\/\/staging.ecommerce.tuttocapsuletools.it\/fr\/wp-json\/wp\/v2\/media?parent=4423"}],"wp:term":[{"taxonomy":"product_brand","embeddable":true,"href":"https:\/\/staging.ecommerce.tuttocapsuletools.it\/fr\/wp-json\/wp\/v2\/product_brand?post=4423"},{"taxonomy":"product_cat","embeddable":true,"href":"https:\/\/staging.ecommerce.tuttocapsuletools.it\/fr\/wp-json\/wp\/v2\/product_cat?post=4423"},{"taxonomy":"product_tag","embeddable":true,"href":"https:\/\/staging.ecommerce.tuttocapsuletools.it\/fr\/wp-json\/wp\/v2\/product_tag?post=4423"},{"taxonomy":"product_family","embeddable":true,"href":"https:\/\/staging.ecommerce.tuttocapsuletools.it\/fr\/wp-json\/wp\/v2\/product_family?post=4423"},{"taxonomy":"product_group","embeddable":true,"href":"https:\/\/staging.ecommerce.tuttocapsuletools.it\/fr\/wp-json\/wp\/v2\/product_group?post=4423"},{"taxonomy":"product_class","embeddable":true,"href":"https:\/\/staging.ecommerce.tuttocapsuletools.it\/fr\/wp-json\/wp\/v2\/product_class?post=4423"}],"curies":[{"name":"wp","href":"https:\/\/api.w.org\/{rel}","templated":true}]}}