{"id":4447,"date":"2026-01-17T18:34:11","date_gmt":"2026-01-17T17:34:11","guid":{"rendered":"https:\/\/staging.ecommerce.tuttocapsuletools.it\/prodotto\/suavis-espresso-point-solubile-ginseng-amaro-conf-50-box-1\/"},"modified":"2026-04-15T23:55:06","modified_gmt":"2026-04-15T21:55:06","slug":"suavis-espresso-point-solubile-ginseng-amaro-conf-50-box-1","status":"publish","type":"product","link":"https:\/\/staging.ecommerce.tuttocapsuletools.it\/fr\/prodotto\/suavis-espresso-point-solubile-ginseng-amaro-conf-50-box-1\/","title":{"rendered":"Suavis Ginseng Amaro 50 capsule"},"content":{"rendered":"<p>La variante am\u00e8re du ginseng en capsules Espresso Point. D\u00e9di\u00e9e \u00e0 ceux qui pr\u00e9f\u00e8rent un go\u00fbt plus naturel et moins sucr\u00e9, elle conserve toutes les propri\u00e9t\u00e9s \u00e9nergisantes de la racine.<\/p>\n","protected":false},"excerpt":{"rendered":"<p>Paquet de 50 capsules<br \/>\nCompatibles Lavazza Espresso Point<\/p>\n","protected":false},"featured_media":0,"comment_status":"open","ping_status":"closed","template":"","meta":{"_acf_changed":false},"product_brand":[395],"product_cat":[334,322],"product_tag":[],"product_family":[],"product_group":[],"product_class":[],"class_list":{"0":"post-4447","1":"product","2":"type-product","3":"status-publish","5":"product_brand-suavis","6":"product_cat-exp","7":"product_cat-sol","9":"first","10":"instock","11":"shipping-taxable","12":"purchasable","13":"product-type-simple"},"acf":[],"_links":{"self":[{"href":"https:\/\/staging.ecommerce.tuttocapsuletools.it\/fr\/wp-json\/wp\/v2\/product\/4447","targetHints":{"allow":["GET"]}}],"collection":[{"href":"https:\/\/staging.ecommerce.tuttocapsuletools.it\/fr\/wp-json\/wp\/v2\/product"}],"about":[{"href":"https:\/\/staging.ecommerce.tuttocapsuletools.it\/fr\/wp-json\/wp\/v2\/types\/product"}],"replies":[{"embeddable":true,"href":"https:\/\/staging.ecommerce.tuttocapsuletools.it\/fr\/wp-json\/wp\/v2\/comments?post=4447"}],"wp:attachment":[{"href":"https:\/\/staging.ecommerce.tuttocapsuletools.it\/fr\/wp-json\/wp\/v2\/media?parent=4447"}],"wp:term":[{"taxonomy":"product_brand","embeddable":true,"href":"https:\/\/staging.ecommerce.tuttocapsuletools.it\/fr\/wp-json\/wp\/v2\/product_brand?post=4447"},{"taxonomy":"product_cat","embeddable":true,"href":"https:\/\/staging.ecommerce.tuttocapsuletools.it\/fr\/wp-json\/wp\/v2\/product_cat?post=4447"},{"taxonomy":"product_tag","embeddable":true,"href":"https:\/\/staging.ecommerce.tuttocapsuletools.it\/fr\/wp-json\/wp\/v2\/product_tag?post=4447"},{"taxonomy":"product_family","embeddable":true,"href":"https:\/\/staging.ecommerce.tuttocapsuletools.it\/fr\/wp-json\/wp\/v2\/product_family?post=4447"},{"taxonomy":"product_group","embeddable":true,"href":"https:\/\/staging.ecommerce.tuttocapsuletools.it\/fr\/wp-json\/wp\/v2\/product_group?post=4447"},{"taxonomy":"product_class","embeddable":true,"href":"https:\/\/staging.ecommerce.tuttocapsuletools.it\/fr\/wp-json\/wp\/v2\/product_class?post=4447"}],"curies":[{"name":"wp","href":"https:\/\/api.w.org\/{rel}","templated":true}]}}