{"id":4582,"date":"2026-01-17T18:34:15","date_gmt":"2026-01-17T17:34:15","guid":{"rendered":"https:\/\/staging.ecommerce.tuttocapsuletools.it\/prodotto\/toraldo-bialetti-caffe-classica-conf-100-box-1\/"},"modified":"2026-04-15T18:55:06","modified_gmt":"2026-04-15T16:55:06","slug":"toraldo-bialetti-caffe-classica-conf-100-box-1","status":"publish","type":"product","link":"https:\/\/staging.ecommerce.tuttocapsuletools.it\/fr\/prodotto\/toraldo-bialetti-caffe-classica-conf-100-box-1\/","title":{"rendered":"Toraldo Classica 100 capsule"},"content":{"rendered":"<p>Capsules compatibles Bialetti avec un m\u00e9lange \u00e9quilibr\u00e9 et doux. Espresso aromatique et persistant, cr\u00e8me velout\u00e9e et d\u00e9licates notes de cacao.<\/p>\n","protected":false},"excerpt":{"rendered":"<p>Paquet de 100 capsules<br \/>\nM\u00e9lange \u00e9quilibr\u00e9 au go\u00fbt harmonieux<br \/>\nCompatible avec le syst\u00e8me Bialetti<\/p>\n","protected":false},"featured_media":2008,"comment_status":"open","ping_status":"closed","template":"","meta":{"_acf_changed":false},"product_brand":[399],"product_cat":[319,320],"product_tag":[],"product_family":[],"product_group":[],"product_class":[],"class_list":{"0":"post-4582","1":"product","2":"type-product","3":"status-publish","4":"has-post-thumbnail","6":"product_brand-toraldo","7":"product_cat-bia","8":"product_cat-caf","10":"first","11":"instock","12":"shipping-taxable","13":"product-type-simple"},"acf":[],"_links":{"self":[{"href":"https:\/\/staging.ecommerce.tuttocapsuletools.it\/fr\/wp-json\/wp\/v2\/product\/4582","targetHints":{"allow":["GET"]}}],"collection":[{"href":"https:\/\/staging.ecommerce.tuttocapsuletools.it\/fr\/wp-json\/wp\/v2\/product"}],"about":[{"href":"https:\/\/staging.ecommerce.tuttocapsuletools.it\/fr\/wp-json\/wp\/v2\/types\/product"}],"replies":[{"embeddable":true,"href":"https:\/\/staging.ecommerce.tuttocapsuletools.it\/fr\/wp-json\/wp\/v2\/comments?post=4582"}],"wp:featuredmedia":[{"embeddable":true,"href":"https:\/\/staging.ecommerce.tuttocapsuletools.it\/fr\/wp-json\/wp\/v2\/media\/2008"}],"wp:attachment":[{"href":"https:\/\/staging.ecommerce.tuttocapsuletools.it\/fr\/wp-json\/wp\/v2\/media?parent=4582"}],"wp:term":[{"taxonomy":"product_brand","embeddable":true,"href":"https:\/\/staging.ecommerce.tuttocapsuletools.it\/fr\/wp-json\/wp\/v2\/product_brand?post=4582"},{"taxonomy":"product_cat","embeddable":true,"href":"https:\/\/staging.ecommerce.tuttocapsuletools.it\/fr\/wp-json\/wp\/v2\/product_cat?post=4582"},{"taxonomy":"product_tag","embeddable":true,"href":"https:\/\/staging.ecommerce.tuttocapsuletools.it\/fr\/wp-json\/wp\/v2\/product_tag?post=4582"},{"taxonomy":"product_family","embeddable":true,"href":"https:\/\/staging.ecommerce.tuttocapsuletools.it\/fr\/wp-json\/wp\/v2\/product_family?post=4582"},{"taxonomy":"product_group","embeddable":true,"href":"https:\/\/staging.ecommerce.tuttocapsuletools.it\/fr\/wp-json\/wp\/v2\/product_group?post=4582"},{"taxonomy":"product_class","embeddable":true,"href":"https:\/\/staging.ecommerce.tuttocapsuletools.it\/fr\/wp-json\/wp\/v2\/product_class?post=4582"}],"curies":[{"name":"wp","href":"https:\/\/api.w.org\/{rel}","templated":true}]}}