{"id":4628,"date":"2026-01-17T18:34:26","date_gmt":"2026-01-17T17:34:26","guid":{"rendered":"https:\/\/staging.ecommerce.tuttocapsuletools.it\/prodotto\/vergnano-nespresso-caffe-espresso-cremoso-comp-conf-50-box-1\/"},"modified":"2026-04-15T18:55:11","modified_gmt":"2026-04-15T16:55:11","slug":"vergnano-nespresso-caffe-espresso-cremoso-comp-conf-50-box-1","status":"publish","type":"product","link":"https:\/\/staging.ecommerce.tuttocapsuletools.it\/fr\/prodotto\/vergnano-nespresso-caffe-espresso-cremoso-comp-conf-50-box-1\/","title":{"rendered":"Vergnano Cremoso 50 capsulecompostabili"},"content":{"rendered":"<p>Un m\u00e9lange \u00e9quilibr\u00e9 qui offre une cr\u00e8me dense et persistante. En capsules compatibles Nespresso, il offre un ar\u00f4me enveloppant avec des notes de chocolat et de fruits secs, pour un plaisir rond.<\/p>\n","protected":false},"excerpt":{"rendered":"<p>Paquet de 50 capsules<br \/>\nCompatibles avec Nespresso<br \/>\nCapsules 100% compostables<br \/>\nM\u00e9lange \u00e9quilibr\u00e9 avec cr\u00e8me persistante et dor\u00e9e<\/p>\n","protected":false},"featured_media":2046,"comment_status":"open","ping_status":"closed","template":"","meta":{"_acf_changed":false},"product_brand":[402],"product_cat":[320,335],"product_tag":[],"product_family":[],"product_group":[],"product_class":[],"class_list":{"0":"post-4628","1":"product","2":"type-product","3":"status-publish","4":"has-post-thumbnail","6":"product_brand-vergnano","7":"product_cat-caf","8":"product_cat-nes","10":"first","11":"outofstock","12":"shipping-taxable","13":"purchasable","14":"product-type-simple"},"acf":[],"_links":{"self":[{"href":"https:\/\/staging.ecommerce.tuttocapsuletools.it\/fr\/wp-json\/wp\/v2\/product\/4628","targetHints":{"allow":["GET"]}}],"collection":[{"href":"https:\/\/staging.ecommerce.tuttocapsuletools.it\/fr\/wp-json\/wp\/v2\/product"}],"about":[{"href":"https:\/\/staging.ecommerce.tuttocapsuletools.it\/fr\/wp-json\/wp\/v2\/types\/product"}],"replies":[{"embeddable":true,"href":"https:\/\/staging.ecommerce.tuttocapsuletools.it\/fr\/wp-json\/wp\/v2\/comments?post=4628"}],"wp:featuredmedia":[{"embeddable":true,"href":"https:\/\/staging.ecommerce.tuttocapsuletools.it\/fr\/wp-json\/wp\/v2\/media\/2046"}],"wp:attachment":[{"href":"https:\/\/staging.ecommerce.tuttocapsuletools.it\/fr\/wp-json\/wp\/v2\/media?parent=4628"}],"wp:term":[{"taxonomy":"product_brand","embeddable":true,"href":"https:\/\/staging.ecommerce.tuttocapsuletools.it\/fr\/wp-json\/wp\/v2\/product_brand?post=4628"},{"taxonomy":"product_cat","embeddable":true,"href":"https:\/\/staging.ecommerce.tuttocapsuletools.it\/fr\/wp-json\/wp\/v2\/product_cat?post=4628"},{"taxonomy":"product_tag","embeddable":true,"href":"https:\/\/staging.ecommerce.tuttocapsuletools.it\/fr\/wp-json\/wp\/v2\/product_tag?post=4628"},{"taxonomy":"product_family","embeddable":true,"href":"https:\/\/staging.ecommerce.tuttocapsuletools.it\/fr\/wp-json\/wp\/v2\/product_family?post=4628"},{"taxonomy":"product_group","embeddable":true,"href":"https:\/\/staging.ecommerce.tuttocapsuletools.it\/fr\/wp-json\/wp\/v2\/product_group?post=4628"},{"taxonomy":"product_class","embeddable":true,"href":"https:\/\/staging.ecommerce.tuttocapsuletools.it\/fr\/wp-json\/wp\/v2\/product_class?post=4628"}],"curies":[{"name":"wp","href":"https:\/\/api.w.org\/{rel}","templated":true}]}}