{"id":4668,"date":"2026-01-30T10:48:30","date_gmt":"2026-01-30T09:48:30","guid":{"rendered":"https:\/\/staging.ecommerce.tuttocapsuletools.it\/prodotto\/verzi-dolce-gusto-caffe-aroma-dolce-conf-50-box-1-2\/"},"modified":"2026-04-15T18:55:16","modified_gmt":"2026-04-15T16:55:16","slug":"verzi-dolce-gusto-caffe-aroma-dolce-conf-50-box-1-2","status":"publish","type":"product","link":"https:\/\/staging.ecommerce.tuttocapsuletools.it\/fr\/prodotto\/verzi-dolce-gusto-caffe-aroma-dolce-conf-50-box-1-2\/","title":{"rendered":"Verz\u00ec Dolce 50 capsule"},"content":{"rendered":"<p>La version la plus douce de la gamme Verz\u00ec pour syst\u00e8me Dolce Gusto. Un espresso l\u00e9ger et parfum\u00e9, caract\u00e9ris\u00e9 par une faible acidit\u00e9 et une douceur qui enveloppe agr\u00e9ablement le palais.<\/p>\n","protected":false},"excerpt":{"rendered":"<p>Paquet de 50 capsules<br \/>\nCompatible avec Nescaf\u00e8 Dolce Gusto<br \/>\nM\u00e9lange \u00e9quilibr\u00e9 avec des notes douces et velout\u00e9es<\/p>\n","protected":false},"featured_media":0,"comment_status":"open","ping_status":"closed","template":"","meta":{"_acf_changed":false},"product_brand":[403],"product_cat":[320,333],"product_tag":[],"product_family":[],"product_group":[],"product_class":[],"class_list":{"0":"post-4668","1":"product","2":"type-product","3":"status-publish","5":"product_brand-verzi","6":"product_cat-caf","7":"product_cat-d-g","9":"first","10":"instock","11":"shipping-taxable","12":"purchasable","13":"product-type-simple"},"acf":[],"_links":{"self":[{"href":"https:\/\/staging.ecommerce.tuttocapsuletools.it\/fr\/wp-json\/wp\/v2\/product\/4668","targetHints":{"allow":["GET"]}}],"collection":[{"href":"https:\/\/staging.ecommerce.tuttocapsuletools.it\/fr\/wp-json\/wp\/v2\/product"}],"about":[{"href":"https:\/\/staging.ecommerce.tuttocapsuletools.it\/fr\/wp-json\/wp\/v2\/types\/product"}],"replies":[{"embeddable":true,"href":"https:\/\/staging.ecommerce.tuttocapsuletools.it\/fr\/wp-json\/wp\/v2\/comments?post=4668"}],"wp:attachment":[{"href":"https:\/\/staging.ecommerce.tuttocapsuletools.it\/fr\/wp-json\/wp\/v2\/media?parent=4668"}],"wp:term":[{"taxonomy":"product_brand","embeddable":true,"href":"https:\/\/staging.ecommerce.tuttocapsuletools.it\/fr\/wp-json\/wp\/v2\/product_brand?post=4668"},{"taxonomy":"product_cat","embeddable":true,"href":"https:\/\/staging.ecommerce.tuttocapsuletools.it\/fr\/wp-json\/wp\/v2\/product_cat?post=4668"},{"taxonomy":"product_tag","embeddable":true,"href":"https:\/\/staging.ecommerce.tuttocapsuletools.it\/fr\/wp-json\/wp\/v2\/product_tag?post=4668"},{"taxonomy":"product_family","embeddable":true,"href":"https:\/\/staging.ecommerce.tuttocapsuletools.it\/fr\/wp-json\/wp\/v2\/product_family?post=4668"},{"taxonomy":"product_group","embeddable":true,"href":"https:\/\/staging.ecommerce.tuttocapsuletools.it\/fr\/wp-json\/wp\/v2\/product_group?post=4668"},{"taxonomy":"product_class","embeddable":true,"href":"https:\/\/staging.ecommerce.tuttocapsuletools.it\/fr\/wp-json\/wp\/v2\/product_class?post=4668"}],"curies":[{"name":"wp","href":"https:\/\/api.w.org\/{rel}","templated":true}]}}