{"id":4670,"date":"2026-01-30T10:48:30","date_gmt":"2026-01-30T09:48:30","guid":{"rendered":"https:\/\/staging.ecommerce.tuttocapsuletools.it\/prodotto\/verzi-dolce-gusto-caffe-espresso-gran-crema-conf-30-box-1-2\/"},"modified":"2026-04-15T20:25:49","modified_gmt":"2026-04-15T18:25:49","slug":"verzi-dolce-gusto-caffe-espresso-gran-crema-conf-30-box-1-2","status":"publish","type":"product","link":"https:\/\/staging.ecommerce.tuttocapsuletools.it\/fr\/prodotto\/verzi-dolce-gusto-caffe-espresso-gran-crema-conf-30-box-1-2\/","title":{"rendered":"Verz\u00ec Gran Crema 30 capsule"},"content":{"rendered":"<p>M\u00e9lange sp\u00e9cial pour Dolce Gusto misant tout sur l&rsquo;onctuosit\u00e9. Un caf\u00e9 \u00e0 la fois doux et cors\u00e9, id\u00e9al pour ceux qui aiment l&rsquo;effet velout\u00e9 de l&rsquo;espresso fra\u00eechement servi.<\/p>\n","protected":false},"excerpt":{"rendered":"<p>Paquet de 30 capsules<br \/>\nCompatibles avec Nescaf\u00e9 Dolce Gusto<br \/>\nM\u00e9lange \u00e9quilibr\u00e9 avec une cr\u00e9osit\u00e9 marqu\u00e9e<\/p>\n","protected":false},"featured_media":0,"comment_status":"open","ping_status":"closed","template":"","meta":{"_acf_changed":false},"product_brand":[403],"product_cat":[320,333],"product_tag":[],"product_family":[],"product_group":[],"product_class":[],"class_list":{"0":"post-4670","1":"product","2":"type-product","3":"status-publish","5":"product_brand-verzi","6":"product_cat-caf","7":"product_cat-d-g","9":"first","10":"outofstock","11":"shipping-taxable","12":"purchasable","13":"product-type-simple"},"acf":[],"_links":{"self":[{"href":"https:\/\/staging.ecommerce.tuttocapsuletools.it\/fr\/wp-json\/wp\/v2\/product\/4670","targetHints":{"allow":["GET"]}}],"collection":[{"href":"https:\/\/staging.ecommerce.tuttocapsuletools.it\/fr\/wp-json\/wp\/v2\/product"}],"about":[{"href":"https:\/\/staging.ecommerce.tuttocapsuletools.it\/fr\/wp-json\/wp\/v2\/types\/product"}],"replies":[{"embeddable":true,"href":"https:\/\/staging.ecommerce.tuttocapsuletools.it\/fr\/wp-json\/wp\/v2\/comments?post=4670"}],"wp:attachment":[{"href":"https:\/\/staging.ecommerce.tuttocapsuletools.it\/fr\/wp-json\/wp\/v2\/media?parent=4670"}],"wp:term":[{"taxonomy":"product_brand","embeddable":true,"href":"https:\/\/staging.ecommerce.tuttocapsuletools.it\/fr\/wp-json\/wp\/v2\/product_brand?post=4670"},{"taxonomy":"product_cat","embeddable":true,"href":"https:\/\/staging.ecommerce.tuttocapsuletools.it\/fr\/wp-json\/wp\/v2\/product_cat?post=4670"},{"taxonomy":"product_tag","embeddable":true,"href":"https:\/\/staging.ecommerce.tuttocapsuletools.it\/fr\/wp-json\/wp\/v2\/product_tag?post=4670"},{"taxonomy":"product_family","embeddable":true,"href":"https:\/\/staging.ecommerce.tuttocapsuletools.it\/fr\/wp-json\/wp\/v2\/product_family?post=4670"},{"taxonomy":"product_group","embeddable":true,"href":"https:\/\/staging.ecommerce.tuttocapsuletools.it\/fr\/wp-json\/wp\/v2\/product_group?post=4670"},{"taxonomy":"product_class","embeddable":true,"href":"https:\/\/staging.ecommerce.tuttocapsuletools.it\/fr\/wp-json\/wp\/v2\/product_class?post=4670"}],"curies":[{"name":"wp","href":"https:\/\/api.w.org\/{rel}","templated":true}]}}