{"id":4674,"date":"2026-01-17T18:34:57","date_gmt":"2026-01-17T17:34:57","guid":{"rendered":"https:\/\/staging.ecommerce.tuttocapsuletools.it\/prodotto\/verzi-fior-fiore-coop-aroma-ricco-conf-100-box-1\/"},"modified":"2026-04-16T00:10:27","modified_gmt":"2026-04-15T22:10:27","slug":"verzi-fior-fiore-coop-aroma-ricco-conf-100-box-1","status":"publish","type":"product","link":"https:\/\/staging.ecommerce.tuttocapsuletools.it\/fr\/prodotto\/verzi-fior-fiore-coop-aroma-ricco-conf-100-box-1\/","title":{"rendered":"Verz\u00ec Ricco 100 capsule"},"content":{"rendered":"<p>M\u00e9lange compatible Fior Fiore Coop au profil aromatique riche et complexe. Un caf\u00e9 au corps moyen et au go\u00fbt rond, con\u00e7u pour ceux qui souhaitent une exp\u00e9rience gustative harmonieuse au quotidien.<\/p>\n","protected":false},"excerpt":{"rendered":"<p>Paquet de 100 capsules<br \/>\nCompatibles avec Fior Fiore Coop<br \/>\nCaf\u00e9 \u00e9quilibr\u00e9 au go\u00fbt harmonieux<\/p>\n","protected":false},"featured_media":2082,"comment_status":"open","ping_status":"closed","template":"","meta":{"_acf_changed":false},"product_brand":[403],"product_cat":[320,386],"product_tag":[],"product_family":[],"product_group":[],"product_class":[],"class_list":{"0":"post-4674","1":"product","2":"type-product","3":"status-publish","4":"has-post-thumbnail","6":"product_brand-verzi","7":"product_cat-caf","8":"product_cat-ffc","10":"first","11":"outofstock","12":"shipping-taxable","13":"purchasable","14":"product-type-simple"},"acf":[],"_links":{"self":[{"href":"https:\/\/staging.ecommerce.tuttocapsuletools.it\/fr\/wp-json\/wp\/v2\/product\/4674","targetHints":{"allow":["GET"]}}],"collection":[{"href":"https:\/\/staging.ecommerce.tuttocapsuletools.it\/fr\/wp-json\/wp\/v2\/product"}],"about":[{"href":"https:\/\/staging.ecommerce.tuttocapsuletools.it\/fr\/wp-json\/wp\/v2\/types\/product"}],"replies":[{"embeddable":true,"href":"https:\/\/staging.ecommerce.tuttocapsuletools.it\/fr\/wp-json\/wp\/v2\/comments?post=4674"}],"wp:featuredmedia":[{"embeddable":true,"href":"https:\/\/staging.ecommerce.tuttocapsuletools.it\/fr\/wp-json\/wp\/v2\/media\/2082"}],"wp:attachment":[{"href":"https:\/\/staging.ecommerce.tuttocapsuletools.it\/fr\/wp-json\/wp\/v2\/media?parent=4674"}],"wp:term":[{"taxonomy":"product_brand","embeddable":true,"href":"https:\/\/staging.ecommerce.tuttocapsuletools.it\/fr\/wp-json\/wp\/v2\/product_brand?post=4674"},{"taxonomy":"product_cat","embeddable":true,"href":"https:\/\/staging.ecommerce.tuttocapsuletools.it\/fr\/wp-json\/wp\/v2\/product_cat?post=4674"},{"taxonomy":"product_tag","embeddable":true,"href":"https:\/\/staging.ecommerce.tuttocapsuletools.it\/fr\/wp-json\/wp\/v2\/product_tag?post=4674"},{"taxonomy":"product_family","embeddable":true,"href":"https:\/\/staging.ecommerce.tuttocapsuletools.it\/fr\/wp-json\/wp\/v2\/product_family?post=4674"},{"taxonomy":"product_group","embeddable":true,"href":"https:\/\/staging.ecommerce.tuttocapsuletools.it\/fr\/wp-json\/wp\/v2\/product_group?post=4674"},{"taxonomy":"product_class","embeddable":true,"href":"https:\/\/staging.ecommerce.tuttocapsuletools.it\/fr\/wp-json\/wp\/v2\/product_class?post=4674"}],"curies":[{"name":"wp","href":"https:\/\/api.w.org\/{rel}","templated":true}]}}