{"id":6522,"date":"2026-03-12T16:11:33","date_gmt":"2026-03-12T15:11:33","guid":{"rendered":"https:\/\/staging.ecommerce.tuttocapsuletools.it\/prodotto\/bialetti-caffe-palermo-conf-72-3\/"},"modified":"2026-04-02T11:53:32","modified_gmt":"2026-04-02T09:53:32","slug":"bialetti-caffe-palermo-conf-72-3","status":"publish","type":"product","link":"https:\/\/staging.ecommerce.tuttocapsuletools.it\/fr\/prodotto\/bialetti-caffe-palermo-conf-72-3\/","title":{"rendered":"BIALETTI Caffe&rsquo; Palermo Conf. 72"},"content":{"rendered":"<p>Un espresso extra-fort et cors\u00e9, avec une torr\u00e9faction tr\u00e8s fonc\u00e9e qui rappelle les saveurs de la M\u00e9diterran\u00e9e. Il se distingue par un go\u00fbt amer prononc\u00e9 et d&rsquo;intenses notes de bois pr\u00e9cieux et de poivre noir.<\/p>\n","protected":false},"excerpt":{"rendered":"<p>72 Capsules<br \/>\nM\u00e9lange 10% Arabica 90% Robusta<br \/>\nTorr\u00e9faction Extra Fonc\u00e9e<br \/>\nCapsules compatibles avec le syst\u00e8me Bialetti<br \/>\nLongueur conseill\u00e9e : 40ml<\/p>\n","protected":false},"featured_media":0,"comment_status":"open","ping_status":"closed","template":"","meta":{"_acf_changed":false},"product_brand":[316],"product_cat":[16],"product_tag":[],"product_family":[],"product_group":[],"product_class":[],"class_list":{"0":"post-6522","1":"product","2":"type-product","3":"status-publish","5":"product_brand-bialetti","6":"product_cat-senza-categoria","8":"first","9":"outofstock","10":"shipping-taxable","11":"product-type-simple"},"acf":[],"_links":{"self":[{"href":"https:\/\/staging.ecommerce.tuttocapsuletools.it\/fr\/wp-json\/wp\/v2\/product\/6522","targetHints":{"allow":["GET"]}}],"collection":[{"href":"https:\/\/staging.ecommerce.tuttocapsuletools.it\/fr\/wp-json\/wp\/v2\/product"}],"about":[{"href":"https:\/\/staging.ecommerce.tuttocapsuletools.it\/fr\/wp-json\/wp\/v2\/types\/product"}],"replies":[{"embeddable":true,"href":"https:\/\/staging.ecommerce.tuttocapsuletools.it\/fr\/wp-json\/wp\/v2\/comments?post=6522"}],"wp:attachment":[{"href":"https:\/\/staging.ecommerce.tuttocapsuletools.it\/fr\/wp-json\/wp\/v2\/media?parent=6522"}],"wp:term":[{"taxonomy":"product_brand","embeddable":true,"href":"https:\/\/staging.ecommerce.tuttocapsuletools.it\/fr\/wp-json\/wp\/v2\/product_brand?post=6522"},{"taxonomy":"product_cat","embeddable":true,"href":"https:\/\/staging.ecommerce.tuttocapsuletools.it\/fr\/wp-json\/wp\/v2\/product_cat?post=6522"},{"taxonomy":"product_tag","embeddable":true,"href":"https:\/\/staging.ecommerce.tuttocapsuletools.it\/fr\/wp-json\/wp\/v2\/product_tag?post=6522"},{"taxonomy":"product_family","embeddable":true,"href":"https:\/\/staging.ecommerce.tuttocapsuletools.it\/fr\/wp-json\/wp\/v2\/product_family?post=6522"},{"taxonomy":"product_group","embeddable":true,"href":"https:\/\/staging.ecommerce.tuttocapsuletools.it\/fr\/wp-json\/wp\/v2\/product_group?post=6522"},{"taxonomy":"product_class","embeddable":true,"href":"https:\/\/staging.ecommerce.tuttocapsuletools.it\/fr\/wp-json\/wp\/v2\/product_class?post=6522"}],"curies":[{"name":"wp","href":"https:\/\/api.w.org\/{rel}","templated":true}]}}